{"id":1893,"date":"2024-04-30T11:07:17","date_gmt":"2024-04-30T11:07:17","guid":{"rendered":"https:\/\/evolutionreentry.com\/?page_id=1893"},"modified":"2024-11-26T07:09:53","modified_gmt":"2024-11-26T07:09:53","slug":"rev-dr-joseph-ciccone","status":"publish","type":"page","link":"https:\/\/evolutionreentry.org\/es\/our-team\/rev-dr-joseph-ciccone\/","title":{"rendered":"Rev. Dr. Joseph Ciccone\u200b"},"content":{"rendered":"<div data-elementor-type=\"wp-page\" data-elementor-id=\"1893\" class=\"elementor elementor-1893\">\n\t\t\t\t<div class=\"elementor-element elementor-element-2aef6af e-flex e-con-boxed e-con e-parent\" data-id=\"2aef6af\" data-element_type=\"container\" data-e-type=\"container\" data-settings=\"{&quot;background_background&quot;:&quot;classic&quot;}\">\n\t\t\t\t\t<div class=\"e-con-inner\">\n\t\t\t\t<div class=\"elementor-element elementor-element-8e480d1 elementor-widget elementor-widget-image\" data-id=\"8e480d1\" data-element_type=\"widget\" data-e-type=\"widget\" data-widget_type=\"image.default\">\n\t\t\t\t<div class=\"elementor-widget-container\">\n\t\t\t\t\t\t\t\t\t\t\t\t\t\t\t<img fetchpriority=\"high\" decoding=\"async\" width=\"806\" height=\"1024\" src=\"https:\/\/evolutionreentry.org\/wp-content\/uploads\/2020\/04\/Fr-Joe-head-shot-806x1024.jpeg\" class=\"attachment-large size-large wp-image-156\" alt=\"\" srcset=\"https:\/\/evolutionreentry.org\/wp-content\/uploads\/2020\/04\/Fr-Joe-head-shot-806x1024.jpeg 806w, https:\/\/evolutionreentry.org\/wp-content\/uploads\/2020\/04\/Fr-Joe-head-shot-600x762.jpeg 600w, https:\/\/evolutionreentry.org\/wp-content\/uploads\/2020\/04\/Fr-Joe-head-shot-236x300.jpeg 236w, https:\/\/evolutionreentry.org\/wp-content\/uploads\/2020\/04\/Fr-Joe-head-shot-768x975.jpeg 768w, https:\/\/evolutionreentry.org\/wp-content\/uploads\/2020\/04\/Fr-Joe-head-shot-1210x1536.jpeg 1210w, https:\/\/evolutionreentry.org\/wp-content\/uploads\/2020\/04\/Fr-Joe-head-shot.jpeg 1497w\" sizes=\"(max-width: 806px) 100vw, 806px\" \/>\t\t\t\t\t\t\t\t\t\t\t\t\t\t\t<\/div>\n\t\t\t\t<\/div>\n\t\t<div class=\"elementor-element elementor-element-87e7444 e-flex e-con-boxed e-con e-child\" data-id=\"87e7444\" data-element_type=\"container\" data-e-type=\"container\">\n\t\t\t\t\t<div class=\"e-con-inner\">\n\t\t\t\t<div class=\"elementor-element elementor-element-1aaf895 elementor-widget__width-initial elementor-widget elementor-widget-image\" data-id=\"1aaf895\" data-element_type=\"widget\" data-e-type=\"widget\" data-widget_type=\"image.default\">\n\t\t\t\t<div class=\"elementor-widget-container\">\n\t\t\t\t\t\t\t\t\t\t\t\t\t\t\t<img decoding=\"async\" src=\"https:\/\/evolutionreentry.org\/wp-content\/uploads\/elementor\/thumbs\/Untitled-design-11-qz7llh53zctzpzhjv3gm9b5rhcudl3qaum5njaghyg.png\" title=\"Untitled design (11)\" alt=\"Untitled design (11)\" loading=\"lazy\" \/>\t\t\t\t\t\t\t\t\t\t\t\t\t\t\t<\/div>\n\t\t\t\t<\/div>\n\t\t\t\t<div class=\"elementor-element elementor-element-1ac6ea2 elementor-widget elementor-widget-heading\" data-id=\"1ac6ea2\" data-element_type=\"widget\" data-e-type=\"widget\" data-widget_type=\"heading.default\">\n\t\t\t\t<div class=\"elementor-widget-container\">\n\t\t\t\t\t<h1 class=\"elementor-heading-title elementor-size-default\">Rev. Fr. Joseph Ciccone<\/h1>\t\t\t\t<\/div>\n\t\t\t\t<\/div>\n\t\t\t\t<div class=\"elementor-element elementor-element-a946d66 elementor-widget elementor-widget-heading\" data-id=\"a946d66\" data-element_type=\"widget\" data-e-type=\"widget\" data-widget_type=\"heading.default\">\n\t\t\t\t<div class=\"elementor-widget-container\">\n\t\t\t\t\t<h2 class=\"elementor-heading-title elementor-size-default\">Support Services Lead Pastor<\/h2>\t\t\t\t<\/div>\n\t\t\t\t<\/div>\n\t\t\t\t\t<\/div>\n\t\t\t\t<\/div>\n\t\t\t\t\t<\/div>\n\t\t\t\t<\/div>\n\t\t<div class=\"elementor-element elementor-element-f48cf4d e-flex e-con-boxed e-con e-parent\" data-id=\"f48cf4d\" data-element_type=\"container\" data-e-type=\"container\">\n\t\t\t\t\t<div class=\"e-con-inner\">\n\t\t\t\t<div class=\"elementor-element elementor-element-61f9f0d elementor-widget__width-initial elementor-widget-mobile__width-inherit elementor-widget elementor-widget-text-editor\" data-id=\"61f9f0d\" data-element_type=\"widget\" data-e-type=\"widget\" data-widget_type=\"text-editor.default\">\n\t\t\t\t<div class=\"elementor-widget-container\">\n\t\t\t\t\t\t\t\t\t<p>Rev. Fr. Joseph Ciccone is a Priest in the Order of Franciscan Servants, currently assigned to Saint Joseph Mission Church, bringing the Gospel to those in the margins and to people in need wherever they may be. In 2013, Fr. Joe graduated with a Master of Divinity from Union Theological Seminary in the City of New York after retirement as a police officer.\u00a0<\/p>\t\t\t\t\t\t\t\t<\/div>\n\t\t\t\t<\/div>\n\t\t\t\t<div class=\"elementor-element elementor-element-34cbc14 elementor-widget__width-initial elementor-widget-mobile__width-inherit elementor-widget elementor-widget-image\" data-id=\"34cbc14\" data-element_type=\"widget\" data-e-type=\"widget\" data-widget_type=\"image.default\">\n\t\t\t\t<div class=\"elementor-widget-container\">\n\t\t\t\t\t\t\t\t\t\t\t\t\t\t\t<img decoding=\"async\" width=\"275\" height=\"183\" src=\"https:\/\/evolutionreentry.org\/wp-content\/uploads\/2022\/06\/3.jpg\" class=\"attachment-large size-large wp-image-365\" alt=\"\" \/>\t\t\t\t\t\t\t\t\t\t\t\t\t\t\t<\/div>\n\t\t\t\t<\/div>\n\t\t\t\t<div class=\"elementor-element elementor-element-655b746 elementor-widget__width-inherit elementor-widget elementor-widget-text-editor\" data-id=\"655b746\" data-element_type=\"widget\" data-e-type=\"widget\" data-widget_type=\"text-editor.default\">\n\t\t\t\t<div class=\"elementor-widget-container\">\n\t\t\t\t\t\t\t\t\t<p>As a practicing Catholic throughout his interfaith studies, his hope is to bring a greater ecumenical understanding of faith, learning, and inclusion to all communities. Fr Joe completed 9 years of CPE (Chaplain Program) at the Jewish Theological Seminary in NYC and is a member of the National Spiritual Care Association and the ICCC. Fr Joe is also the Police Chaplain for the NJ FOP Lodge 46.<\/p><p><b>Actualmente est\u00e1 asignado a la Iglesia Misi\u00f3n San Jos\u00e9, llevando el Evangelio a los marginados y a las personas necesitadas dondequiera que se encuentren.<\/b><\/p>\t\t\t\t\t\t\t\t<\/div>\n\t\t\t\t<\/div>\n\t\t\t\t\t<\/div>\n\t\t\t\t<\/div>\n\t\t\t\t<\/div>","protected":false},"excerpt":{"rendered":"<p>Rev. Fr. Joseph Ciccone Support Services Lead Pastor Rev. Fr. Joseph Ciccone is a Priest in the Order of Franciscan Servants, currently assigned to Saint Joseph Mission Church, bringing the Gospel to those in the margins and to people in need wherever they may be. In 2013, Fr. Joe graduated with a Master of Divinity [&hellip;]<\/p>","protected":false},"author":5,"featured_media":0,"parent":1797,"menu_order":0,"comment_status":"closed","ping_status":"closed","template":"","meta":{"site-sidebar-layout":"no-sidebar","site-content-layout":"page-builder","ast-site-content-layout":"full-width-container","site-content-style":"default","site-sidebar-style":"default","ast-global-header-display":"","ast-banner-title-visibility":"","ast-main-header-display":"","ast-hfb-above-header-display":"","ast-hfb-below-header-display":"","ast-hfb-mobile-header-display":"","site-post-title":"disabled","ast-breadcrumbs-content":"","ast-featured-img":"disabled","footer-sml-layout":"","ast-disable-related-posts":"","theme-transparent-header-meta":"","adv-header-id-meta":"","stick-header-meta":"","header-above-stick-meta":"","header-main-stick-meta":"","header-below-stick-meta":"","astra-migrate-meta-layouts":"set","ast-page-background-enabled":"default","ast-page-background-meta":{"desktop":{"background-color":"","background-image":"","background-repeat":"repeat","background-position":"center center","background-size":"auto","background-attachment":"scroll","background-type":"","background-media":"","overlay-type":"","overlay-color":"","overlay-opacity":"","overlay-gradient":""},"tablet":{"background-color":"","background-image":"","background-repeat":"repeat","background-position":"center center","background-size":"auto","background-attachment":"scroll","background-type":"","background-media":"","overlay-type":"","overlay-color":"","overlay-opacity":"","overlay-gradient":""},"mobile":{"background-color":"","background-image":"","background-repeat":"repeat","background-position":"center center","background-size":"auto","background-attachment":"scroll","background-type":"","background-media":"","overlay-type":"","overlay-color":"","overlay-opacity":"","overlay-gradient":""}},"ast-content-background-meta":{"desktop":{"background-color":"var(--ast-global-color-5)","background-image":"","background-repeat":"repeat","background-position":"center center","background-size":"auto","background-attachment":"scroll","background-type":"","background-media":"","overlay-type":"","overlay-color":"","overlay-opacity":"","overlay-gradient":""},"tablet":{"background-color":"var(--ast-global-color-5)","background-image":"","background-repeat":"repeat","background-position":"center center","background-size":"auto","background-attachment":"scroll","background-type":"","background-media":"","overlay-type":"","overlay-color":"","overlay-opacity":"","overlay-gradient":""},"mobile":{"background-color":"var(--ast-global-color-5)","background-image":"","background-repeat":"repeat","background-position":"center center","background-size":"auto","background-attachment":"scroll","background-type":"","background-media":"","overlay-type":"","overlay-color":"","overlay-opacity":"","overlay-gradient":""}},"footnotes":""},"class_list":["post-1893","page","type-page","status-publish","hentry"],"yoast_head":"<!-- This site is optimized with the Yoast SEO Premium plugin v26.8 (Yoast SEO v27.2) - https:\/\/yoast.com\/product\/yoast-seo-premium-wordpress\/ -->\n<title>Rev. Dr. Joseph Ciccone\u200b - Evolution Reentry Services<\/title>\n<meta name=\"robots\" content=\"index, follow, max-snippet:-1, max-image-preview:large, max-video-preview:-1\" \/>\n<link rel=\"canonical\" href=\"https:\/\/evolutionreentry.org\/es\/our-team\/rev-dr-joseph-ciccone\/\" \/>\n<meta property=\"og:locale\" content=\"es_ES\" \/>\n<meta property=\"og:type\" content=\"article\" \/>\n<meta property=\"og:title\" content=\"Rev. Dr. Joseph Ciccone\u200b\" \/>\n<meta property=\"og:description\" content=\"Rev. Fr. Joseph Ciccone Support Services Lead Pastor Rev. Fr. Joseph Ciccone is a Priest in the Order of Franciscan Servants, currently assigned to Saint Joseph Mission Church, bringing the Gospel to those in the margins and to people in need wherever they may be. In 2013, Fr. Joe graduated with a Master of Divinity [&hellip;]\" \/>\n<meta property=\"og:url\" content=\"https:\/\/evolutionreentry.org\/es\/our-team\/rev-dr-joseph-ciccone\/\" \/>\n<meta property=\"og:site_name\" content=\"Evolution Reentry Services\" \/>\n<meta property=\"article:modified_time\" content=\"2024-11-26T07:09:53+00:00\" \/>\n<meta property=\"og:image\" content=\"https:\/\/evolutionreentry.org\/wp-content\/uploads\/2020\/04\/Fr-Joe-head-shot.jpeg\" \/>\n\t<meta property=\"og:image:width\" content=\"1497\" \/>\n\t<meta property=\"og:image:height\" content=\"1901\" \/>\n\t<meta property=\"og:image:type\" content=\"image\/jpeg\" \/>\n<meta name=\"twitter:card\" content=\"summary_large_image\" \/>\n<meta name=\"twitter:label1\" content=\"Tiempo de lectura\" \/>\n\t<meta name=\"twitter:data1\" content=\"1 minuto\" \/>\n<script type=\"application\/ld+json\" class=\"yoast-schema-graph\">{\"@context\":\"https:\/\/schema.org\",\"@graph\":[{\"@type\":\"WebPage\",\"@id\":\"https:\/\/evolutionreentry.org\/our-team\/rev-dr-joseph-ciccone\/\",\"url\":\"https:\/\/evolutionreentry.org\/our-team\/rev-dr-joseph-ciccone\/\",\"name\":\"Rev. Dr. Joseph Ciccone\u200b - Evolution Reentry Services\",\"isPartOf\":{\"@id\":\"https:\/\/evolutionreentry.org\/#website\"},\"primaryImageOfPage\":{\"@id\":\"https:\/\/evolutionreentry.org\/our-team\/rev-dr-joseph-ciccone\/#primaryimage\"},\"image\":{\"@id\":\"https:\/\/evolutionreentry.org\/our-team\/rev-dr-joseph-ciccone\/#primaryimage\"},\"thumbnailUrl\":\"https:\/\/evolutionreentry.org\/wp-content\/uploads\/2020\/04\/Fr-Joe-head-shot-806x1024.jpeg\",\"datePublished\":\"2024-04-30T11:07:17+00:00\",\"dateModified\":\"2024-11-26T07:09:53+00:00\",\"breadcrumb\":{\"@id\":\"https:\/\/evolutionreentry.org\/our-team\/rev-dr-joseph-ciccone\/#breadcrumb\"},\"inLanguage\":\"es\",\"potentialAction\":[{\"@type\":\"ReadAction\",\"target\":[\"https:\/\/evolutionreentry.org\/our-team\/rev-dr-joseph-ciccone\/\"]}]},{\"@type\":\"ImageObject\",\"inLanguage\":\"es\",\"@id\":\"https:\/\/evolutionreentry.org\/our-team\/rev-dr-joseph-ciccone\/#primaryimage\",\"url\":\"https:\/\/evolutionreentry.org\/wp-content\/uploads\/2020\/04\/Fr-Joe-head-shot-806x1024.jpeg\",\"contentUrl\":\"https:\/\/evolutionreentry.org\/wp-content\/uploads\/2020\/04\/Fr-Joe-head-shot-806x1024.jpeg\"},{\"@type\":\"BreadcrumbList\",\"@id\":\"https:\/\/evolutionreentry.org\/our-team\/rev-dr-joseph-ciccone\/#breadcrumb\",\"itemListElement\":[{\"@type\":\"ListItem\",\"position\":1,\"name\":\"Home\",\"item\":\"https:\/\/evolutionreentry.org\/\"},{\"@type\":\"ListItem\",\"position\":2,\"name\":\"Our Team\",\"item\":\"https:\/\/evolutionreentry.org\/our-team\/\"},{\"@type\":\"ListItem\",\"position\":3,\"name\":\"Rev. Dr. Joseph Ciccone\u200b\"}]},{\"@type\":\"WebSite\",\"@id\":\"https:\/\/evolutionreentry.org\/#website\",\"url\":\"https:\/\/evolutionreentry.org\/\",\"name\":\"Evolution Reentry Services\",\"description\":\"\",\"publisher\":{\"@id\":\"https:\/\/evolutionreentry.org\/#organization\"},\"potentialAction\":[{\"@type\":\"SearchAction\",\"target\":{\"@type\":\"EntryPoint\",\"urlTemplate\":\"https:\/\/evolutionreentry.org\/?s={search_term_string}\"},\"query-input\":{\"@type\":\"PropertyValueSpecification\",\"valueRequired\":true,\"valueName\":\"search_term_string\"}}],\"inLanguage\":\"es\"},{\"@type\":\"Organization\",\"@id\":\"https:\/\/evolutionreentry.org\/#organization\",\"name\":\"Evolution Reentry Services\",\"url\":\"https:\/\/evolutionreentry.org\/\",\"logo\":{\"@type\":\"ImageObject\",\"inLanguage\":\"es\",\"@id\":\"https:\/\/evolutionreentry.org\/#\/schema\/logo\/image\/\",\"url\":\"https:\/\/evolutionreentry.org\/wp-content\/uploads\/2024\/11\/cropped-EVOLUTION.png\",\"contentUrl\":\"https:\/\/evolutionreentry.org\/wp-content\/uploads\/2024\/11\/cropped-EVOLUTION.png\",\"width\":999,\"height\":270,\"caption\":\"Evolution Reentry Services\"},\"image\":{\"@id\":\"https:\/\/evolutionreentry.org\/#\/schema\/logo\/image\/\"}}]}<\/script>\n<!-- \/ Yoast SEO Premium plugin. -->","yoast_head_json":{"title":"Rev. Dr. Joseph Ciccone\u200b - Evolution Reentry Services","robots":{"index":"index","follow":"follow","max-snippet":"max-snippet:-1","max-image-preview":"max-image-preview:large","max-video-preview":"max-video-preview:-1"},"canonical":"https:\/\/evolutionreentry.org\/es\/our-team\/rev-dr-joseph-ciccone\/","og_locale":"es_ES","og_type":"article","og_title":"Rev. Dr. Joseph Ciccone\u200b","og_description":"Rev. Fr. Joseph Ciccone Support Services Lead Pastor Rev. Fr. Joseph Ciccone is a Priest in the Order of Franciscan Servants, currently assigned to Saint Joseph Mission Church, bringing the Gospel to those in the margins and to people in need wherever they may be. In 2013, Fr. Joe graduated with a Master of Divinity [&hellip;]","og_url":"https:\/\/evolutionreentry.org\/es\/our-team\/rev-dr-joseph-ciccone\/","og_site_name":"Evolution Reentry Services","article_modified_time":"2024-11-26T07:09:53+00:00","og_image":[{"width":1497,"height":1901,"url":"https:\/\/evolutionreentry.org\/wp-content\/uploads\/2020\/04\/Fr-Joe-head-shot.jpeg","type":"image\/jpeg"}],"twitter_card":"summary_large_image","twitter_misc":{"Tiempo de lectura":"1 minuto"},"schema":{"@context":"https:\/\/schema.org","@graph":[{"@type":"WebPage","@id":"https:\/\/evolutionreentry.org\/our-team\/rev-dr-joseph-ciccone\/","url":"https:\/\/evolutionreentry.org\/our-team\/rev-dr-joseph-ciccone\/","name":"Rev. Dr. Joseph Ciccone\u200b - Evolution Reentry Services","isPartOf":{"@id":"https:\/\/evolutionreentry.org\/#website"},"primaryImageOfPage":{"@id":"https:\/\/evolutionreentry.org\/our-team\/rev-dr-joseph-ciccone\/#primaryimage"},"image":{"@id":"https:\/\/evolutionreentry.org\/our-team\/rev-dr-joseph-ciccone\/#primaryimage"},"thumbnailUrl":"https:\/\/evolutionreentry.org\/wp-content\/uploads\/2020\/04\/Fr-Joe-head-shot-806x1024.jpeg","datePublished":"2024-04-30T11:07:17+00:00","dateModified":"2024-11-26T07:09:53+00:00","breadcrumb":{"@id":"https:\/\/evolutionreentry.org\/our-team\/rev-dr-joseph-ciccone\/#breadcrumb"},"inLanguage":"es","potentialAction":[{"@type":"ReadAction","target":["https:\/\/evolutionreentry.org\/our-team\/rev-dr-joseph-ciccone\/"]}]},{"@type":"ImageObject","inLanguage":"es","@id":"https:\/\/evolutionreentry.org\/our-team\/rev-dr-joseph-ciccone\/#primaryimage","url":"https:\/\/evolutionreentry.org\/wp-content\/uploads\/2020\/04\/Fr-Joe-head-shot-806x1024.jpeg","contentUrl":"https:\/\/evolutionreentry.org\/wp-content\/uploads\/2020\/04\/Fr-Joe-head-shot-806x1024.jpeg"},{"@type":"BreadcrumbList","@id":"https:\/\/evolutionreentry.org\/our-team\/rev-dr-joseph-ciccone\/#breadcrumb","itemListElement":[{"@type":"ListItem","position":1,"name":"Home","item":"https:\/\/evolutionreentry.org\/"},{"@type":"ListItem","position":2,"name":"Our Team","item":"https:\/\/evolutionreentry.org\/our-team\/"},{"@type":"ListItem","position":3,"name":"Rev. Dr. Joseph Ciccone\u200b"}]},{"@type":"WebSite","@id":"https:\/\/evolutionreentry.org\/#website","url":"https:\/\/evolutionreentry.org\/","name":"Evolution Reentry Servicios","description":"","publisher":{"@id":"https:\/\/evolutionreentry.org\/#organization"},"potentialAction":[{"@type":"SearchAction","target":{"@type":"EntryPoint","urlTemplate":"https:\/\/evolutionreentry.org\/?s={search_term_string}"},"query-input":{"@type":"PropertyValueSpecification","valueRequired":true,"valueName":"search_term_string"}}],"inLanguage":"es"},{"@type":"Organization","@id":"https:\/\/evolutionreentry.org\/#organization","name":"Evolution Reentry Servicios","url":"https:\/\/evolutionreentry.org\/","logo":{"@type":"ImageObject","inLanguage":"es","@id":"https:\/\/evolutionreentry.org\/#\/schema\/logo\/image\/","url":"https:\/\/evolutionreentry.org\/wp-content\/uploads\/2024\/11\/cropped-EVOLUTION.png","contentUrl":"https:\/\/evolutionreentry.org\/wp-content\/uploads\/2024\/11\/cropped-EVOLUTION.png","width":999,"height":270,"caption":"Evolution Reentry Services"},"image":{"@id":"https:\/\/evolutionreentry.org\/#\/schema\/logo\/image\/"}}]}},"_links":{"self":[{"href":"https:\/\/evolutionreentry.org\/es\/wp-json\/wp\/v2\/pages\/1893","targetHints":{"allow":["GET"]}}],"collection":[{"href":"https:\/\/evolutionreentry.org\/es\/wp-json\/wp\/v2\/pages"}],"about":[{"href":"https:\/\/evolutionreentry.org\/es\/wp-json\/wp\/v2\/types\/page"}],"author":[{"embeddable":true,"href":"https:\/\/evolutionreentry.org\/es\/wp-json\/wp\/v2\/users\/5"}],"replies":[{"embeddable":true,"href":"https:\/\/evolutionreentry.org\/es\/wp-json\/wp\/v2\/comments?post=1893"}],"version-history":[{"count":20,"href":"https:\/\/evolutionreentry.org\/es\/wp-json\/wp\/v2\/pages\/1893\/revisions"}],"predecessor-version":[{"id":4326,"href":"https:\/\/evolutionreentry.org\/es\/wp-json\/wp\/v2\/pages\/1893\/revisions\/4326"}],"up":[{"embeddable":true,"href":"https:\/\/evolutionreentry.org\/es\/wp-json\/wp\/v2\/pages\/1797"}],"wp:attachment":[{"href":"https:\/\/evolutionreentry.org\/es\/wp-json\/wp\/v2\/media?parent=1893"}],"curies":[{"name":"wp","href":"https:\/\/api.w.org\/{rel}","templated":true}]}}